{"id":156,"date":"2020-07-10T11:14:35","date_gmt":"2020-07-10T17:14:35","guid":{"rendered":"http:\/\/casapittier.com\/?page_id=156"},"modified":"2023-05-26T02:00:03","modified_gmt":"2023-05-26T08:00:03","slug":"nosotros","status":"publish","type":"page","link":"https:\/\/www.casapittier.com\/en\/nosotros\/","title":{"rendered":"About Us"},"content":{"rendered":"<p><div class=\"fusion-fullwidth fullwidth-box fusion-builder-row-1 fusion-parallax-none top-banner nonhundred-percent-fullwidth non-hundred-percent-height-scrolling\" style=\"background-color: rgba(255,255,255,0);background-image: url(&quot;https:\/\/casapittier.com\/wp-content\/uploads\/nosotros.jpg&quot;);background-position: center top;background-repeat: no-repeat;padding-top:40px;padding-right:40px;padding-bottom:180px;padding-left:40px;margin-bottom: 0px;margin-top: 0px;border-width: 0px 0px 0px 0px;border-color:#e2e2e2;border-style:solid;-webkit-background-size:cover;-moz-background-size:cover;-o-background-size:cover;background-size:cover;\" ><div class=\"fusion-builder-row fusion-row\"><div class=\"fusion-layout-column fusion_builder_column fusion-builder-column-0 fusion_builder_column_2_5 2_5 fusion-two-fifth fusion-column-first\" style=\"width:40%;width:calc(40% - ( ( 4% ) * 0.4 ) );margin-right: 4%;margin-top:0px;margin-bottom:20px;\"><div class=\"fusion-column-wrapper fusion-flex-column-wrapper-legacy\" style=\"background-position:left top;background-repeat:no-repeat;-webkit-background-size:cover;-moz-background-size:cover;-o-background-size:cover;background-size:cover;padding: 0px 0px 0px 0px;\"><style type=\"text\/css\"><\/style><div class=\"fusion-title title fusion-title-1 fusion-sep-none fusion-title-text fusion-title-size-two\" style=\"font-size:55px;margin-top:40px;margin-bottom:60px;\"><h2 class=\"title-heading-left\" style=\"font-family:&quot;barkentina&quot;;font-weight:400;margin:0;font-size:1em;color:#ffffff;\">About Us<\/h2><\/div><div class=\"fusion-text fusion-text-1\" id=\"historia-block\"><h3 style=\"text-align: justify;\">Our history<\/h3>\n<p>Nuestra poblaci\u00f3n adulta mayor a aumentado gradualmente durante los \u00faltimos a\u00f1os, sumado a eso diferentes patolog\u00edas impactan la salud de esta poblaci\u00f3n, lo que requiere un cuidado integral, donde participen diferentes profesionales y el n\u00facleo familiar y de apoyo.<\/p>\n<p>Con el fin de mejorar la calidad de vida de los adultos mayores y apoyar sus procesos de envejecimiento, nace en el a\u00f1o 2010 Casa de estancia Pittier. Durante m\u00e1s de 13 a\u00f1os hemos aportado cuidado y calidad de vida a m\u00e1s de 300 adultos mayores, hemos creado lazos con sus familias, muchas historias y gran experiencia.<\/p>\n<p>Nuestro equipo de trabajo est\u00e1 capacitado y comprometido para que cada atenci\u00f3n sea una experiencia c\u00e1lida y reconfortante. En un lugar limpio y ordenado, donde impere el respeto y amor al pr\u00f3jimo. Aqu\u00ed estamos para transitar este proceso juntos.<\/p>\n<\/div><div class=\"fusion-clearfix\"><\/div><\/div><\/div><\/div><\/div><div class=\"fusion-fullwidth fullwidth-box fusion-builder-row-2 nonhundred-percent-fullwidth non-hundred-percent-height-scrolling fusion-equal-height-columns\" style=\"background-color: #f1f4fd;background-position: center center;background-repeat: no-repeat;padding-top:40px;padding-right:40px;padding-bottom:40px;padding-left:40px;margin-bottom: 0px;margin-top: 0px;border-width: 0px 0px 0px 0px;border-color:#e2e2e2;border-style:solid;\" ><div class=\"fusion-builder-row fusion-row\"><div class=\"fusion-layout-column fusion_builder_column fusion-builder-column-1 fusion_builder_column_1_3 1_3 fusion-one-third fusion-column-first upboxes\" style=\"width:33.333333333333%;width:calc(33.333333333333% - ( ( 2% + 2% ) * 0.33333333333333 ) );margin-right: 2%;margin-top:-136px;margin-bottom:20px;\"><div class=\"fusion-column-wrapper fusion-flex-column-wrapper-legacy\" style=\"background-position:left top;background-repeat:no-repeat;-webkit-background-size:cover;-moz-background-size:cover;-o-background-size:cover;background-size:cover;padding: 0px 0px 0px 0px;\"><style type=\"text\/css\">@media only screen and (max-width:1000px) {.fusion-title.fusion-title-2{margin-top:0px!important;margin-bottom:0px!important;}}<\/style><div class=\"fusion-title title fusion-title-2 fusion-sep-none fusion-title-text fusion-title-size-three box-title\" style=\"font-size:28px;margin-top:0px;margin-bottom:0px;\"><h3 class=\"title-heading-left\" style=\"font-family:&quot;barkentina&quot;;font-weight:400;margin:0;font-size:1em;color:#ffffff;\">Mission<\/h3><\/div><div class=\"fusion-text fusion-text-2 in-txt\"><p class=\"p1\">Improve the quality of life of the elderly who live within Casa de Estancia Pittier, respecting and supporting the different physical, mental, emotional, social and spiritual needs. Everything in a warm, pleasant and clean environment, where aging becomes an experience for each person, with the contribution of our work team and each family group, always including love of neighbor as a fundamental principle and our service values in each service. , quality, passion, understanding and responsibility that provide us with the basis of our vocation.<\/p>\n<\/div><div class=\"fusion-clearfix\"><\/div><\/div><\/div><div class=\"fusion-layout-column fusion_builder_column fusion-builder-column-2 fusion_builder_column_1_3 1_3 fusion-one-third upboxes\" style=\"width:33.333333333333%;width:calc(33.333333333333% - ( ( 2% + 2% ) * 0.33333333333333 ) );margin-right: 2%;margin-top:-136px;margin-bottom:20px;\"><div class=\"fusion-column-wrapper fusion-flex-column-wrapper-legacy\" style=\"background-position:left top;background-repeat:no-repeat;-webkit-background-size:cover;-moz-background-size:cover;-o-background-size:cover;background-size:cover;padding: 0px 0px 0px 0px;\"><style type=\"text\/css\">@media only screen and (max-width:1000px) {.fusion-title.fusion-title-3{margin-top:0px!important;margin-bottom:0px!important;}}<\/style><div class=\"fusion-title title fusion-title-3 fusion-sep-none fusion-title-text fusion-title-size-three box-title\" style=\"font-size:28px;margin-top:0px;margin-bottom:0px;\"><h3 class=\"title-heading-left\" style=\"font-family:&quot;barkentina&quot;;font-weight:400;margin:0;font-size:1em;color:#ffffff;\">Vision<\/h3><\/div><div class=\"fusion-text fusion-text-3 in-txt\"><p class=\"p1\">To be worthy in our country of the trust of each family that needs assistance in the care of the elderly, which due to special situations requires a quality service and by professional personnel in different areas of health, in an increasingly long-lived society, with a work environment based on participation, motivation and direct communication to leave a mark of love in the heart of each family nucleus.<\/p>\n<\/div><div class=\"fusion-clearfix\"><\/div><\/div><\/div><div class=\"fusion-layout-column fusion_builder_column fusion-builder-column-3 fusion_builder_column_1_3 1_3 fusion-one-third fusion-column-last upboxes\" style=\"width:33.333333333333%;width:calc(33.333333333333% - ( ( 2% + 2% ) * 0.33333333333333 ) );margin-top:-136px;margin-bottom:20px;\"><div class=\"fusion-column-wrapper fusion-flex-column-wrapper-legacy\" style=\"background-position:left top;background-repeat:no-repeat;-webkit-background-size:cover;-moz-background-size:cover;-o-background-size:cover;background-size:cover;padding: 0px 0px 0px 0px;\"><style type=\"text\/css\">@media only screen and (max-width:1000px) {.fusion-title.fusion-title-4{margin-top:0px!important;margin-bottom:0px!important;}}<\/style><div class=\"fusion-title title fusion-title-4 fusion-sep-none fusion-title-text fusion-title-size-three box-title\" style=\"font-size:28px;margin-top:0px;margin-bottom:0px;\"><h3 class=\"title-heading-left\" style=\"font-family:&quot;barkentina&quot;;font-weight:400;margin:0;font-size:1em;color:#ffffff;\">Values<\/h3><\/div><div class=\"fusion-text fusion-text-4 in-txt\"><ul class=\"ul1\">\n<li class=\"li1\">Love of others<\/li>\n<li class=\"li1\">Respect<\/li>\n<li class=\"li1\">Understanding<\/li>\n<li class=\"li1\">Communication<\/li>\n<li class=\"li1\">Order<\/li>\n<li class=\"li1\">Cleaning<\/li>\n<\/ul>\n<\/div><div class=\"fusion-clearfix\"><\/div><\/div><\/div><\/div><\/div><\/p>","protected":false},"excerpt":{"rendered":"","protected":false},"author":1,"featured_media":0,"parent":0,"menu_order":0,"comment_status":"closed","ping_status":"closed","template":"100-width.php","meta":{"footnotes":""},"class_list":["post-156","page","type-page","status-publish","hentry"],"yoast_head":"<!-- This site is optimized with the Yoast SEO plugin v27.4 - https:\/\/yoast.com\/product\/yoast-seo-wordpress\/ -->\n<title>Nosotros &#8226; Casa Pittier<\/title>\n<meta name=\"robots\" content=\"index, follow, max-snippet:-1, max-image-preview:large, max-video-preview:-1\" \/>\n<link rel=\"canonical\" href=\"https:\/\/www.casapittier.com\/en\/nosotros\/\" \/>\n<meta property=\"og:locale\" content=\"en_US\" \/>\n<meta property=\"og:type\" content=\"article\" \/>\n<meta property=\"og:title\" content=\"Nosotros &#8226; Casa Pittier\" \/>\n<meta property=\"og:url\" content=\"https:\/\/www.casapittier.com\/en\/nosotros\/\" \/>\n<meta property=\"og:site_name\" content=\"Casa Pittier\" \/>\n<meta property=\"article:publisher\" content=\"https:\/\/www.facebook.com\/casaspittier\/\" \/>\n<meta property=\"article:modified_time\" content=\"2023-05-26T08:00:03+00:00\" \/>\n<meta name=\"twitter:card\" content=\"summary_large_image\" \/>\n<meta name=\"twitter:label1\" content=\"Est. reading time\" \/>\n\t<meta name=\"twitter:data1\" content=\"5 minutes\" \/>\n<script type=\"application\/ld+json\" class=\"yoast-schema-graph\">{\"@context\":\"https:\\\/\\\/schema.org\",\"@graph\":[{\"@type\":\"WebPage\",\"@id\":\"https:\\\/\\\/www.casapittier.com\\\/nosotros\\\/\",\"url\":\"https:\\\/\\\/www.casapittier.com\\\/nosotros\\\/\",\"name\":\"Nosotros &#8226; Casa Pittier\",\"isPartOf\":{\"@id\":\"https:\\\/\\\/www.casapittier.com\\\/#website\"},\"datePublished\":\"2020-07-10T17:14:35+00:00\",\"dateModified\":\"2023-05-26T08:00:03+00:00\",\"breadcrumb\":{\"@id\":\"https:\\\/\\\/www.casapittier.com\\\/nosotros\\\/#breadcrumb\"},\"inLanguage\":\"en-US\",\"potentialAction\":[{\"@type\":\"ReadAction\",\"target\":[\"https:\\\/\\\/www.casapittier.com\\\/nosotros\\\/\"]}]},{\"@type\":\"BreadcrumbList\",\"@id\":\"https:\\\/\\\/www.casapittier.com\\\/nosotros\\\/#breadcrumb\",\"itemListElement\":[{\"@type\":\"ListItem\",\"position\":1,\"name\":\"Portada\",\"item\":\"https:\\\/\\\/www.casapittier.com\\\/\"},{\"@type\":\"ListItem\",\"position\":2,\"name\":\"Nosotros\"}]},{\"@type\":\"WebSite\",\"@id\":\"https:\\\/\\\/www.casapittier.com\\\/#website\",\"url\":\"https:\\\/\\\/www.casapittier.com\\\/\",\"name\":\"Casa de Estancia Pittier\",\"description\":\"Casa de Estancia Pittier\",\"publisher\":{\"@id\":\"https:\\\/\\\/www.casapittier.com\\\/#organization\"},\"potentialAction\":[{\"@type\":\"SearchAction\",\"target\":{\"@type\":\"EntryPoint\",\"urlTemplate\":\"https:\\\/\\\/www.casapittier.com\\\/?s={search_term_string}\"},\"query-input\":{\"@type\":\"PropertyValueSpecification\",\"valueRequired\":true,\"valueName\":\"search_term_string\"}}],\"inLanguage\":\"en-US\"},{\"@type\":\"Organization\",\"@id\":\"https:\\\/\\\/www.casapittier.com\\\/#organization\",\"name\":\"Casa de Estancia Pittier\",\"url\":\"https:\\\/\\\/www.casapittier.com\\\/\",\"logo\":{\"@type\":\"ImageObject\",\"inLanguage\":\"en-US\",\"@id\":\"https:\\\/\\\/www.casapittier.com\\\/#\\\/schema\\\/logo\\\/image\\\/\",\"url\":\"https:\\\/\\\/www.casapittier.com\\\/wp-content\\\/uploads\\\/Untitled-design.png\",\"contentUrl\":\"https:\\\/\\\/www.casapittier.com\\\/wp-content\\\/uploads\\\/Untitled-design.png\",\"width\":1500,\"height\":1500,\"caption\":\"Casa de Estancia Pittier\"},\"image\":{\"@id\":\"https:\\\/\\\/www.casapittier.com\\\/#\\\/schema\\\/logo\\\/image\\\/\"},\"sameAs\":[\"https:\\\/\\\/www.facebook.com\\\/casaspittier\\\/\",\"https:\\\/\\\/www.instagram.com\\\/casaspittier\\\/\"]}]}<\/script>\n<!-- \/ Yoast SEO plugin. -->","yoast_head_json":{"title":"Nosotros &#8226; Casa Pittier","robots":{"index":"index","follow":"follow","max-snippet":"max-snippet:-1","max-image-preview":"max-image-preview:large","max-video-preview":"max-video-preview:-1"},"canonical":"https:\/\/www.casapittier.com\/en\/nosotros\/","og_locale":"en_US","og_type":"article","og_title":"Nosotros &#8226; Casa Pittier","og_url":"https:\/\/www.casapittier.com\/en\/nosotros\/","og_site_name":"Casa Pittier","article_publisher":"https:\/\/www.facebook.com\/casaspittier\/","article_modified_time":"2023-05-26T08:00:03+00:00","twitter_card":"summary_large_image","twitter_misc":{"Est. reading time":"5 minutes"},"schema":{"@context":"https:\/\/schema.org","@graph":[{"@type":"WebPage","@id":"https:\/\/www.casapittier.com\/nosotros\/","url":"https:\/\/www.casapittier.com\/nosotros\/","name":"Nosotros &#8226; Casa Pittier","isPartOf":{"@id":"https:\/\/www.casapittier.com\/#website"},"datePublished":"2020-07-10T17:14:35+00:00","dateModified":"2023-05-26T08:00:03+00:00","breadcrumb":{"@id":"https:\/\/www.casapittier.com\/nosotros\/#breadcrumb"},"inLanguage":"en-US","potentialAction":[{"@type":"ReadAction","target":["https:\/\/www.casapittier.com\/nosotros\/"]}]},{"@type":"BreadcrumbList","@id":"https:\/\/www.casapittier.com\/nosotros\/#breadcrumb","itemListElement":[{"@type":"ListItem","position":1,"name":"Portada","item":"https:\/\/www.casapittier.com\/"},{"@type":"ListItem","position":2,"name":"Nosotros"}]},{"@type":"WebSite","@id":"https:\/\/www.casapittier.com\/#website","url":"https:\/\/www.casapittier.com\/","name":"Casa de Estancia Pittier","description":"Casa de Estancia Pittier","publisher":{"@id":"https:\/\/www.casapittier.com\/#organization"},"potentialAction":[{"@type":"SearchAction","target":{"@type":"EntryPoint","urlTemplate":"https:\/\/www.casapittier.com\/?s={search_term_string}"},"query-input":{"@type":"PropertyValueSpecification","valueRequired":true,"valueName":"search_term_string"}}],"inLanguage":"en-US"},{"@type":"Organization","@id":"https:\/\/www.casapittier.com\/#organization","name":"Casa de Estancia Pittier","url":"https:\/\/www.casapittier.com\/","logo":{"@type":"ImageObject","inLanguage":"en-US","@id":"https:\/\/www.casapittier.com\/#\/schema\/logo\/image\/","url":"https:\/\/www.casapittier.com\/wp-content\/uploads\/Untitled-design.png","contentUrl":"https:\/\/www.casapittier.com\/wp-content\/uploads\/Untitled-design.png","width":1500,"height":1500,"caption":"Casa de Estancia Pittier"},"image":{"@id":"https:\/\/www.casapittier.com\/#\/schema\/logo\/image\/"},"sameAs":["https:\/\/www.facebook.com\/casaspittier\/","https:\/\/www.instagram.com\/casaspittier\/"]}]}},"_links":{"self":[{"href":"https:\/\/www.casapittier.com\/en\/wp-json\/wp\/v2\/pages\/156","targetHints":{"allow":["GET"]}}],"collection":[{"href":"https:\/\/www.casapittier.com\/en\/wp-json\/wp\/v2\/pages"}],"about":[{"href":"https:\/\/www.casapittier.com\/en\/wp-json\/wp\/v2\/types\/page"}],"author":[{"embeddable":true,"href":"https:\/\/www.casapittier.com\/en\/wp-json\/wp\/v2\/users\/1"}],"replies":[{"embeddable":true,"href":"https:\/\/www.casapittier.com\/en\/wp-json\/wp\/v2\/comments?post=156"}],"version-history":[{"count":20,"href":"https:\/\/www.casapittier.com\/en\/wp-json\/wp\/v2\/pages\/156\/revisions"}],"predecessor-version":[{"id":623,"href":"https:\/\/www.casapittier.com\/en\/wp-json\/wp\/v2\/pages\/156\/revisions\/623"}],"wp:attachment":[{"href":"https:\/\/www.casapittier.com\/en\/wp-json\/wp\/v2\/media?parent=156"}],"curies":[{"name":"wp","href":"https:\/\/api.w.org\/{rel}","templated":true}]}}