{"id":185,"date":"2020-07-10T12:12:55","date_gmt":"2020-07-10T18:12:55","guid":{"rendered":"http:\/\/casapittier.com\/?page_id=185"},"modified":"2020-09-03T19:19:35","modified_gmt":"2020-09-04T01:19:35","slug":"blog","status":"publish","type":"page","link":"https:\/\/www.casapittier.com\/en\/blog\/","title":{"rendered":"Blog"},"content":{"rendered":"<div class=\"fusion-fullwidth fullwidth-box fusion-builder-row-1 nonhundred-percent-fullwidth non-hundred-percent-height-scrolling\" style=\"background-color: rgba(255,255,255,0);background-position: center center;background-repeat: no-repeat;padding-top:0px;padding-right:0px;padding-bottom:0px;padding-left:0px;margin-bottom: 0px;margin-top: 0px;border-width: 0px 0px 0px 0px;border-color:#e2e2e2;border-style:solid;\" ><div class=\"fusion-builder-row fusion-row\"><div class=\"fusion-layout-column fusion_builder_column fusion-builder-column-0 fusion_builder_column_1_1 1_1 fusion-one-full fusion-column-first fusion-column-last\" style=\"margin-top:0px;margin-bottom:20px;\"><div class=\"fusion-column-wrapper fusion-flex-column-wrapper-legacy\" style=\"background-position:left top;background-repeat:no-repeat;-webkit-background-size:cover;-moz-background-size:cover;-o-background-size:cover;background-size:cover;padding: 0px 0px 0px 0px;\"><div class=\"fusion-blog-shortcode fusion-blog-shortcode-1 fusion-blog-archive fusion-blog-layout-large-alternate fusion-blog-infinite\"><div class=\"fusion-posts-container fusion-posts-container-infinite fusion-blog-rollover\" data-pages=\"1\"><article id=\"blog-1-post-586\" class=\"fusion-post-large-alternate post-586 post type-post status-publish format-standard has-post-thumbnail hentry category-blog\">\n\t<style type=\"text\/css\">\n\t\t\n\t\t\n\t\t\n\t\t\n\t\t\t<\/style>\n\n\n\t\t\t<div class=\"fusion-flexslider flexslider fusion-flexslider-loading fusion-post-slideshow\" style=\"\">\n\t\t<ul class=\"slides\">\n\t\t\t\n\t\t\t\t\t\t\t\t\t\t\t\t\t\t<li>\n\n<div  class=\"fusion-image-wrapper\" aria-haspopup=\"true\">\n\t\n\t\n\t\t\n\t\t\t\t\t<img decoding=\"async\" width=\"1200\" height=\"782\" src=\"https:\/\/www.casapittier.com\/wp-content\/uploads\/blog-template-img-destacada-4.png\" class=\"attachment-full size-full wp-post-image\" alt=\"salud oral en personas mayores\" srcset=\"https:\/\/www.casapittier.com\/wp-content\/uploads\/blog-template-img-destacada-4-200x130.png 200w, https:\/\/www.casapittier.com\/wp-content\/uploads\/blog-template-img-destacada-4-400x261.png 400w, https:\/\/www.casapittier.com\/wp-content\/uploads\/blog-template-img-destacada-4-600x391.png 600w, https:\/\/www.casapittier.com\/wp-content\/uploads\/blog-template-img-destacada-4-800x521.png 800w, https:\/\/www.casapittier.com\/wp-content\/uploads\/blog-template-img-destacada-4.png 1200w\" sizes=\"(max-width: 1000px) 100vw, 1200px\" \/>\n\t\n\n\t\t<div class=\"fusion-rollover\">\n\t<div class=\"fusion-rollover-content\">\n\n\t\t\t\t\t\t\t\t\t\t\t\t\t\t<a class=\"fusion-rollover-link\" href=\"https:\/\/www.casapittier.com\/en\/blog\/salud-oral-en-personas-mayores\/\">Salud Oral en personas mayores<\/a>\n\t\t\t\n\t\t\t\t\t\t\t\t\t\t\t\t\t\t\n\t\t\t\t\t\t\t\t\n\t\t\t\t\t\t\t\t\t\t\t\t\t<div class=\"fusion-rollover-sep\"><\/div>\n\t\t\t\t\n\t\t\t\t\t\t\t\t\t\t\t\t\t\t\t\t\t\t<a class=\"fusion-rollover-gallery\" href=\"https:\/\/www.casapittier.com\/wp-content\/uploads\/blog-template-img-destacada-4.png\" data-id=\"586\" data-rel=\"iLightbox[gallery]\" data-title=\"salud oral en personas mayores\" data-caption=\"salud oral en personas mayores costa rica\">\n\t\t\t\t\t\tGallery\t\t\t\t\t<\/a>\n\t\t\t\t\t\t\t\t\t\t\t\t\t\t\n\t\t\t\t\n\t\t\t\t\t\t\t\t\t\t\t\t<h4 class=\"fusion-rollover-title\">\n\t\t\t\t\t<a class=\"fusion-rollover-title-link\" href=\"https:\/\/www.casapittier.com\/en\/blog\/salud-oral-en-personas-mayores\/\">\n\t\t\t\t\t\tSalud Oral en personas mayores\t\t\t\t\t<\/a>\n\t\t\t\t<\/h4>\n\t\t\t\n\t\t\t\t\t\t\t\t\t\t\t\t\t\t<div class=\"fusion-rollover-categories\"><a href=\"https:\/\/www.casapittier.com\/en\/category\/blog\/\" rel=\"tag\">blog<\/a><\/div>\t\t\t\t\t\n\t\t\n\t\t\t\t<a class=\"fusion-link-wrapper\" href=\"https:\/\/www.casapittier.com\/en\/blog\/salud-oral-en-personas-mayores\/\" aria-label=\"Salud Oral en personas mayores\"><\/a>\n\t<\/div>\n<\/div>\n\n\t\n<\/div>\n<\/li>\n\t\t\t\n\t\t\t\n\t\t\t\t\t\t\t\t\t\t\t\t\t\t\t\t\t\t\t\t\t\t\t\t\t\t\t\t\t\t\t\t\t\t\t\t\t\t\t\t\t\t\t\t\t\t\t\t\t\t\t\t\t\t\t\t\t\t\t\t\t\t\t\t\t\t\t\t<\/ul>\n\t<\/div>\n\t<div class=\"fusion-date-and-formats\"><div class=\"fusion-date-box updated\"><span class=\"fusion-date\">3<\/span><span class=\"fusion-month-year\">04, 2021<\/span><\/div><div class=\"fusion-format-box\"><i class=\"fusion-icon-pen\" aria-hidden=\"true\"><\/i><\/div><\/div><div class=\"fusion-post-content post-content\"><h2 class=\"blog-shortcode-post-title entry-title\"><a href=\"https:\/\/www.casapittier.com\/en\/blog\/salud-oral-en-personas-mayores\/\">Salud Oral en personas mayores<\/a><\/h2><div class=\"fusion-post-content-container\"><p> La odontolog\u00eda geri\u00e1trica se define como la especialidad de la Odontolog\u00eda que se dedica a la atenci\u00f3n de personas de la tercera edad. Por lo general presentan enfermedades cr\u00f3nicas degenerativas, problemas psicosociales asociados y est\u00e1n medicados con f\u00e1rmacos que pueden producir efectos secundarios como: Resequedad oral P\u00e9rdida del gusto As\u00ed como los cambios por la edad: En el hueso En la enc\u00eda P\u00e9rdida del apetito Lo anterior no significa que sea una generalidad en la ...<\/p><\/div><\/div><div class=\"fusion-clearfix\"><\/div><div class=\"fusion-meta-info\"><div class=\"fusion-alignright\"><a class=\"fusion-read-more\" href=\"https:\/\/www.casapittier.com\/en\/blog\/salud-oral-en-personas-mayores\/\" aria-label=\"More on Salud Oral en personas mayores\">Ver art\u00edculo completo<\/a><\/div><\/div><\/article>\n<article id=\"blog-1-post-536\" class=\"fusion-post-large-alternate post-536 post type-post status-publish format-standard has-post-thumbnail hentry category-blog category-noticias tag-casa-pittier tag-covid19 tag-equipo-de-trabajo tag-mensaje tag-noticias tag-pandemia tag-servicio\">\n\t<style type=\"text\/css\">\n\t\t\n\t\t\n\t\t\n\t\t\n\t\t\t<\/style>\n\n\n\t\t\t<div class=\"fusion-flexslider flexslider fusion-flexslider-loading fusion-post-slideshow\" style=\"\">\n\t\t<ul class=\"slides\">\n\t\t\t\n\t\t\t\t\t\t\t\t\t\t\t\t\t\t<li>\n\n<div  class=\"fusion-image-wrapper\" aria-haspopup=\"true\">\n\t\n\t\n\t\t\n\t\t\t\t\t<img decoding=\"async\" width=\"1200\" height=\"782\" src=\"https:\/\/www.casapittier.com\/wp-content\/uploads\/blog-template-img-destacada-3.png\" class=\"attachment-full size-full wp-post-image\" alt=\"a\u00f1o 2020\" srcset=\"https:\/\/www.casapittier.com\/wp-content\/uploads\/blog-template-img-destacada-3-200x130.png 200w, https:\/\/www.casapittier.com\/wp-content\/uploads\/blog-template-img-destacada-3-400x261.png 400w, https:\/\/www.casapittier.com\/wp-content\/uploads\/blog-template-img-destacada-3-600x391.png 600w, https:\/\/www.casapittier.com\/wp-content\/uploads\/blog-template-img-destacada-3-800x521.png 800w, https:\/\/www.casapittier.com\/wp-content\/uploads\/blog-template-img-destacada-3.png 1200w\" sizes=\"(max-width: 1000px) 100vw, 1200px\" \/>\n\t\n\n\t\t<div class=\"fusion-rollover\">\n\t<div class=\"fusion-rollover-content\">\n\n\t\t\t\t\t\t\t\t\t\t\t\t\t\t<a class=\"fusion-rollover-link\" href=\"https:\/\/www.casapittier.com\/en\/blog\/un-mensaje-de-parte-de-nuestros-directores\/\">A\u00f1o 2020<\/a>\n\t\t\t\n\t\t\t\t\t\t\t\t\t\t\t\t\t\t\n\t\t\t\t\t\t\t\t\n\t\t\t\t\t\t\t\t\t\t\t\t\t<div class=\"fusion-rollover-sep\"><\/div>\n\t\t\t\t\n\t\t\t\t\t\t\t\t\t\t\t\t\t\t\t\t\t\t<a class=\"fusion-rollover-gallery\" href=\"https:\/\/www.casapittier.com\/wp-content\/uploads\/blog-template-img-destacada-3.png\" data-id=\"536\" data-rel=\"iLightbox[gallery]\" data-title=\"a\u00f1o 2020 mensaje directores\" data-caption=\"a\u00f1o 2020 mensaje directores\">\n\t\t\t\t\t\tGallery\t\t\t\t\t<\/a>\n\t\t\t\t\t\t\t\t\t\t\t\t\t\t\n\t\t\t\t\n\t\t\t\t\t\t\t\t\t\t\t\t<h4 class=\"fusion-rollover-title\">\n\t\t\t\t\t<a class=\"fusion-rollover-title-link\" href=\"https:\/\/www.casapittier.com\/en\/blog\/un-mensaje-de-parte-de-nuestros-directores\/\">\n\t\t\t\t\t\tA\u00f1o 2020\t\t\t\t\t<\/a>\n\t\t\t\t<\/h4>\n\t\t\t\n\t\t\t\t\t\t\t\t\t\t\t\t\t\t<div class=\"fusion-rollover-categories\"><a href=\"https:\/\/www.casapittier.com\/en\/category\/blog\/\" rel=\"tag\">blog<\/a>, <a href=\"https:\/\/www.casapittier.com\/en\/category\/noticias\/\" rel=\"tag\">Noticias<\/a><\/div>\t\t\t\t\t\n\t\t\n\t\t\t\t<a class=\"fusion-link-wrapper\" href=\"https:\/\/www.casapittier.com\/en\/blog\/un-mensaje-de-parte-de-nuestros-directores\/\" aria-label=\"A\u00f1o 2020\"><\/a>\n\t<\/div>\n<\/div>\n\n\t\n<\/div>\n<\/li>\n\t\t\t\n\t\t\t\n\t\t\t\t\t\t\t\t\t\t\t\t\t\t\t\t\t\t\t\t\t\t\t\t\t\t\t\t\t\t\t\t\t\t\t\t\t\t\t\t\t\t\t\t\t\t\t\t\t\t\t\t\t\t\t\t\t\t\t\t\t\t\t\t\t\t\t\t<\/ul>\n\t<\/div>\n\t<div class=\"fusion-date-and-formats\"><div class=\"fusion-date-box updated\"><span class=\"fusion-date\">17<\/span><span class=\"fusion-month-year\">12, 2020<\/span><\/div><div class=\"fusion-format-box\"><i class=\"fusion-icon-pen\" aria-hidden=\"true\"><\/i><\/div><\/div><div class=\"fusion-post-content post-content\"><h2 class=\"blog-shortcode-post-title entry-title\"><a href=\"https:\/\/www.casapittier.com\/en\/blog\/un-mensaje-de-parte-de-nuestros-directores\/\">A\u00f1o 2020<\/a><\/h2><div class=\"fusion-post-content-container\"><p> Sin duda alguna un a\u00f1o lleno de retos y de oportunidades, a nivel personal como empresarial. La llegada de la pandemia por la COVID 19 puso al mundo en un cambio de paradigma conforme a lo que est\u00e1bamos acostumbrados. Casa de Estancia Pittier acostumbrada a recibir a cada familiar de los adultos mayores, a celebrar actividades de importancia entre ellas cumplea\u00f1os y efem\u00e9rides, se vio obligada a restringir las visitas desde mediados de marzo. \u00a0 ...<\/p><\/div><\/div><div class=\"fusion-clearfix\"><\/div><div class=\"fusion-meta-info\"><div class=\"fusion-alignright\"><a class=\"fusion-read-more\" href=\"https:\/\/www.casapittier.com\/en\/blog\/un-mensaje-de-parte-de-nuestros-directores\/\" aria-label=\"More on A\u00f1o 2020\">Ver art\u00edculo completo<\/a><\/div><\/div><\/article>\n<article id=\"blog-1-post-495\" class=\"fusion-post-large-alternate post-495 post type-post status-publish format-standard has-post-thumbnail hentry category-blog category-nutricion\">\n\t<style type=\"text\/css\">\n\t\t\n\t\t\n\t\t\n\t\t\n\t\t\t<\/style>\n\n\n\t\t\t<div class=\"fusion-flexslider flexslider fusion-flexslider-loading fusion-post-slideshow\" style=\"\">\n\t\t<ul class=\"slides\">\n\t\t\t\n\t\t\t\t\t\t\t\t\t\t\t\t\t\t<li>\n\n<div  class=\"fusion-image-wrapper\" aria-haspopup=\"true\">\n\t\n\t\n\t\t\n\t\t\t\t\t<img decoding=\"async\" width=\"1200\" height=\"782\" src=\"https:\/\/www.casapittier.com\/wp-content\/uploads\/blog-template-img-destacada-1.png\" class=\"attachment-full size-full wp-post-image\" alt=\"d\u00eda mundial de la diabetes\" srcset=\"https:\/\/www.casapittier.com\/wp-content\/uploads\/blog-template-img-destacada-1-200x130.png 200w, https:\/\/www.casapittier.com\/wp-content\/uploads\/blog-template-img-destacada-1-400x261.png 400w, https:\/\/www.casapittier.com\/wp-content\/uploads\/blog-template-img-destacada-1-600x391.png 600w, https:\/\/www.casapittier.com\/wp-content\/uploads\/blog-template-img-destacada-1-800x521.png 800w, https:\/\/www.casapittier.com\/wp-content\/uploads\/blog-template-img-destacada-1.png 1200w\" sizes=\"(max-width: 1000px) 100vw, 1200px\" \/>\n\t\n\n\t\t<div class=\"fusion-rollover\">\n\t<div class=\"fusion-rollover-content\">\n\n\t\t\t\t\t\t\t\t\t\t\t\t\t\t<a class=\"fusion-rollover-link\" href=\"https:\/\/www.casapittier.com\/en\/blog\/dia-mundial-de-la-diabetes-costa-rica\/\">D\u00eda Mundial de la Diabetes 2020<\/a>\n\t\t\t\n\t\t\t\t\t\t\t\t\t\t\t\t\t\t\n\t\t\t\t\t\t\t\t\n\t\t\t\t\t\t\t\t\t\t\t\t\t<div class=\"fusion-rollover-sep\"><\/div>\n\t\t\t\t\n\t\t\t\t\t\t\t\t\t\t\t\t\t\t\t\t\t\t<a class=\"fusion-rollover-gallery\" href=\"https:\/\/www.casapittier.com\/wp-content\/uploads\/blog-template-img-destacada-1.png\" data-id=\"495\" data-rel=\"iLightbox[gallery]\" data-title=\"d\u00eda mundial de la diabetes\" data-caption=\"d\u00eda mundial de la diabetes 2020\">\n\t\t\t\t\t\tGallery\t\t\t\t\t<\/a>\n\t\t\t\t\t\t\t\t\t\t\t\t\t\t\n\t\t\t\t\n\t\t\t\t\t\t\t\t\t\t\t\t<h4 class=\"fusion-rollover-title\">\n\t\t\t\t\t<a class=\"fusion-rollover-title-link\" href=\"https:\/\/www.casapittier.com\/en\/blog\/dia-mundial-de-la-diabetes-costa-rica\/\">\n\t\t\t\t\t\tD\u00eda Mundial de la Diabetes 2020\t\t\t\t\t<\/a>\n\t\t\t\t<\/h4>\n\t\t\t\n\t\t\t\t\t\t\t\t\t\t\t\t\t\t<div class=\"fusion-rollover-categories\"><a href=\"https:\/\/www.casapittier.com\/en\/category\/blog\/\" rel=\"tag\">blog<\/a>, <a href=\"https:\/\/www.casapittier.com\/en\/category\/nutricion\/\" rel=\"tag\">Nutrici\u00f3n<\/a><\/div>\t\t\t\t\t\n\t\t\n\t\t\t\t<a class=\"fusion-link-wrapper\" href=\"https:\/\/www.casapittier.com\/en\/blog\/dia-mundial-de-la-diabetes-costa-rica\/\" aria-label=\"D\u00eda Mundial de la Diabetes 2020\"><\/a>\n\t<\/div>\n<\/div>\n\n\t\n<\/div>\n<\/li>\n\t\t\t\n\t\t\t\n\t\t\t\t\t\t\t\t\t\t\t\t\t\t\t\t\t\t\t\t\t\t\t\t\t\t\t\t\t\t\t\t\t\t\t\t\t\t\t\t\t\t\t\t\t\t\t\t\t\t\t\t\t\t\t\t\t\t\t\t\t\t\t\t\t\t\t\t<\/ul>\n\t<\/div>\n\t<div class=\"fusion-date-and-formats\"><div class=\"fusion-date-box updated\"><span class=\"fusion-date\">14<\/span><span class=\"fusion-month-year\">11, 2020<\/span><\/div><div class=\"fusion-format-box\"><i class=\"fusion-icon-pen\" aria-hidden=\"true\"><\/i><\/div><\/div><div class=\"fusion-post-content post-content\"><h2 class=\"blog-shortcode-post-title entry-title\"><a href=\"https:\/\/www.casapittier.com\/en\/blog\/dia-mundial-de-la-diabetes-costa-rica\/\">D\u00eda Mundial de la Diabetes 2020<\/a><\/h2><div class=\"fusion-post-content-container\"><p> En el marco del d\u00eda Mundial de la Diabetes, se realizar\u00e1 una peque\u00f1a revisi\u00f3n sobre la situaci\u00f3n actual en Costa Rica, en cuanto a prevalencia, incidencia y mortalidad de esta enfermedad. Adem\u00e1s, se dar\u00e1n recomendaciones nutricionales para abordar este padecimiento y promover calidad de vida en quienes la padecen, ya sea un familiar, amigo, conocido o nosotros mismos. \u00a0 La Diabetes Mellitus (DM) es una enfermedad cr\u00f3nica, multifactorial, que se ha extendido por todo el ...<\/p><\/div><\/div><div class=\"fusion-clearfix\"><\/div><div class=\"fusion-meta-info\"><div class=\"fusion-alignright\"><a class=\"fusion-read-more\" href=\"https:\/\/www.casapittier.com\/en\/blog\/dia-mundial-de-la-diabetes-costa-rica\/\" aria-label=\"More on D\u00eda Mundial de la Diabetes 2020\">Ver art\u00edculo completo<\/a><\/div><\/div><\/article>\n<article id=\"blog-1-post-197\" class=\"fusion-post-large-alternate post-197 post type-post status-publish format-standard has-post-thumbnail hentry category-blog category-nutricion tag-alimentacion tag-alimentacion-saludable tag-bienestar tag-blog tag-calidad-de-vida tag-casa-de-estancia tag-ciclo-de-menu tag-deglucion tag-enfermeria tag-nutricion tag-paciente tag-personas-mayores tag-residencia-geriatrica tag-salud\">\n\t<style type=\"text\/css\">\n\t\t\n\t\t\n\t\t\n\t\t\n\t\t\t<\/style>\n\n\n\t\t\t<div class=\"fusion-flexslider flexslider fusion-flexslider-loading fusion-post-slideshow\" style=\"\">\n\t\t<ul class=\"slides\">\n\t\t\t\n\t\t\t\t\t\t\t\t\t\t\t\t\t\t<li>\n\n<div  class=\"fusion-image-wrapper\" aria-haspopup=\"true\">\n\t\n\t\n\t\t\n\t\t\t\t\t<img decoding=\"async\" width=\"1200\" height=\"782\" src=\"https:\/\/www.casapittier.com\/wp-content\/uploads\/blog-template-img-destacada.png\" class=\"attachment-full size-full wp-post-image\" alt=\"nutrici\u00f3n enfermer\u00eda\" srcset=\"https:\/\/www.casapittier.com\/wp-content\/uploads\/blog-template-img-destacada-200x130.png 200w, https:\/\/www.casapittier.com\/wp-content\/uploads\/blog-template-img-destacada-400x261.png 400w, https:\/\/www.casapittier.com\/wp-content\/uploads\/blog-template-img-destacada-600x391.png 600w, https:\/\/www.casapittier.com\/wp-content\/uploads\/blog-template-img-destacada-800x521.png 800w, https:\/\/www.casapittier.com\/wp-content\/uploads\/blog-template-img-destacada.png 1200w\" sizes=\"(max-width: 1000px) 100vw, 1200px\" \/>\n\t\n\n\t\t<div class=\"fusion-rollover\">\n\t<div class=\"fusion-rollover-content\">\n\n\t\t\t\t\t\t\t\t\t\t\t\t\t\t<a class=\"fusion-rollover-link\" href=\"https:\/\/www.casapittier.com\/en\/blog\/importancia-de-la-buena-nutricion-en-personas-mayores\/\">\u00bfQu\u00e9 significa ser nutricionista en Casa de Estancia Pittier?<\/a>\n\t\t\t\n\t\t\t\t\t\t\t\t\t\t\t\t\t\t\n\t\t\t\t\t\t\t\t\n\t\t\t\t\t\t\t\t\t\t\t\t\t<div class=\"fusion-rollover-sep\"><\/div>\n\t\t\t\t\n\t\t\t\t\t\t\t\t\t\t\t\t\t\t\t\t\t\t<a class=\"fusion-rollover-gallery\" href=\"https:\/\/www.casapittier.com\/wp-content\/uploads\/blog-template-img-destacada.png\" data-id=\"197\" data-rel=\"iLightbox[gallery]\" data-title=\"Nutrici\u00f3n en personas mayores\" data-caption=\"nutrici\u00f3n en casa de estancia pittier\">\n\t\t\t\t\t\tGallery\t\t\t\t\t<\/a>\n\t\t\t\t\t\t\t\t\t\t\t\t\t\t\n\t\t\t\t\n\t\t\t\t\t\t\t\t\t\t\t\t<h4 class=\"fusion-rollover-title\">\n\t\t\t\t\t<a class=\"fusion-rollover-title-link\" href=\"https:\/\/www.casapittier.com\/en\/blog\/importancia-de-la-buena-nutricion-en-personas-mayores\/\">\n\t\t\t\t\t\t\u00bfQu\u00e9 significa ser nutricionista en Casa de Estancia Pittier?\t\t\t\t\t<\/a>\n\t\t\t\t<\/h4>\n\t\t\t\n\t\t\t\t\t\t\t\t\t\t\t\t\t\t<div class=\"fusion-rollover-categories\"><a href=\"https:\/\/www.casapittier.com\/en\/category\/blog\/\" rel=\"tag\">blog<\/a>, <a href=\"https:\/\/www.casapittier.com\/en\/category\/nutricion\/\" rel=\"tag\">Nutrici\u00f3n<\/a><\/div>\t\t\t\t\t\n\t\t\n\t\t\t\t<a class=\"fusion-link-wrapper\" href=\"https:\/\/www.casapittier.com\/en\/blog\/importancia-de-la-buena-nutricion-en-personas-mayores\/\" aria-label=\"\u00bfQu\u00e9 significa ser nutricionista en Casa de Estancia Pittier?\"><\/a>\n\t<\/div>\n<\/div>\n\n\t\n<\/div>\n<\/li>\n\t\t\t\n\t\t\t\n\t\t\t\t\t\t\t\t\t\t\t\t\t\t\t\t\t\t\t\t\t\t\t\t\t\t\t\t\t\t\t\t\t\t\t\t\t\t\t\t\t\t\t\t\t\t\t\t\t\t\t\t\t\t\t\t\t\t\t\t\t\t\t\t\t\t\t\t<\/ul>\n\t<\/div>\n\t<div class=\"fusion-date-and-formats\"><div class=\"fusion-date-box updated\"><span class=\"fusion-date\">10<\/span><span class=\"fusion-month-year\">07, 2020<\/span><\/div><div class=\"fusion-format-box\"><i class=\"fusion-icon-pen\" aria-hidden=\"true\"><\/i><\/div><\/div><div class=\"fusion-post-content post-content\"><h2 class=\"blog-shortcode-post-title entry-title\"><a href=\"https:\/\/www.casapittier.com\/en\/blog\/importancia-de-la-buena-nutricion-en-personas-mayores\/\">\u00bfQu\u00e9 significa ser nutricionista en Casa de Estancia Pittier?<\/a><\/h2><div class=\"fusion-post-content-container\"><p> Como nutricionista de Casa Estancia de Pittier, me encargo de realizar dos trabajos. Por un lado, realizo la evaluaci\u00f3n nutricional de cada adulto mayor que ingresa, as\u00ed como el seguimiento de su evoluci\u00f3n. Por otro lado, dirijo el Servicio de Alimentaci\u00f3n. Los pacientes que ingresan a Casa Estancia normalmente presentan alg\u00fan tipo de demencia, asociado a otras patolog\u00edas como, por ejemplo: hipertensi\u00f3n arterial, diabetes, dislipidemia, enfermedad renal cr\u00f3nica, enfermedad hep\u00e1tica, Enfermedad Pulmonar Obstructiva Cr\u00f3nica (EPOC), ...<\/p><\/div><\/div><div class=\"fusion-clearfix\"><\/div><div class=\"fusion-meta-info\"><div class=\"fusion-alignright\"><a class=\"fusion-read-more\" href=\"https:\/\/www.casapittier.com\/en\/blog\/importancia-de-la-buena-nutricion-en-personas-mayores\/\" aria-label=\"More on \u00bfQu\u00e9 significa ser nutricionista en Casa de Estancia Pittier?\">Ver art\u00edculo completo<\/a><\/div><\/div><\/article>\n<\/div><\/div><div class=\"fusion-clearfix\"><\/div><\/div><\/div><\/div><\/div>\n","protected":false},"excerpt":{"rendered":"","protected":false},"author":1,"featured_media":0,"parent":0,"menu_order":0,"comment_status":"closed","ping_status":"closed","template":"","meta":{"footnotes":""},"class_list":["post-185","page","type-page","status-publish","hentry"],"yoast_head":"<!-- This site is optimized with the Yoast SEO plugin v27.4 - https:\/\/yoast.com\/product\/yoast-seo-wordpress\/ -->\n<title>Blog &#8226; Casa Pittier<\/title>\n<meta name=\"robots\" content=\"index, follow, max-snippet:-1, max-image-preview:large, max-video-preview:-1\" \/>\n<link rel=\"canonical\" href=\"https:\/\/www.casapittier.com\/en\/blog\/\" \/>\n<meta property=\"og:locale\" content=\"en_US\" \/>\n<meta property=\"og:type\" content=\"article\" \/>\n<meta property=\"og:title\" content=\"Blog &#8226; Casa Pittier\" \/>\n<meta property=\"og:url\" content=\"https:\/\/www.casapittier.com\/en\/blog\/\" \/>\n<meta property=\"og:site_name\" content=\"Casa Pittier\" \/>\n<meta property=\"article:publisher\" content=\"https:\/\/www.facebook.com\/casaspittier\/\" \/>\n<meta property=\"article:modified_time\" content=\"2020-09-04T01:19:35+00:00\" \/>\n<meta name=\"twitter:card\" content=\"summary_large_image\" \/>\n<meta name=\"twitter:label1\" content=\"Est. reading time\" \/>\n\t<meta name=\"twitter:data1\" content=\"2 minutes\" \/>\n<script type=\"application\/ld+json\" class=\"yoast-schema-graph\">{\"@context\":\"https:\\\/\\\/schema.org\",\"@graph\":[{\"@type\":\"WebPage\",\"@id\":\"https:\\\/\\\/www.casapittier.com\\\/blog\\\/\",\"url\":\"https:\\\/\\\/www.casapittier.com\\\/blog\\\/\",\"name\":\"Blog &#8226; Casa Pittier\",\"isPartOf\":{\"@id\":\"https:\\\/\\\/www.casapittier.com\\\/#website\"},\"datePublished\":\"2020-07-10T18:12:55+00:00\",\"dateModified\":\"2020-09-04T01:19:35+00:00\",\"breadcrumb\":{\"@id\":\"https:\\\/\\\/www.casapittier.com\\\/blog\\\/#breadcrumb\"},\"inLanguage\":\"en-US\",\"potentialAction\":[{\"@type\":\"ReadAction\",\"target\":[\"https:\\\/\\\/www.casapittier.com\\\/blog\\\/\"]}]},{\"@type\":\"BreadcrumbList\",\"@id\":\"https:\\\/\\\/www.casapittier.com\\\/blog\\\/#breadcrumb\",\"itemListElement\":[{\"@type\":\"ListItem\",\"position\":1,\"name\":\"Portada\",\"item\":\"https:\\\/\\\/www.casapittier.com\\\/\"},{\"@type\":\"ListItem\",\"position\":2,\"name\":\"Blog\"}]},{\"@type\":\"WebSite\",\"@id\":\"https:\\\/\\\/www.casapittier.com\\\/#website\",\"url\":\"https:\\\/\\\/www.casapittier.com\\\/\",\"name\":\"Casa de Estancia Pittier\",\"description\":\"Casa de Estancia Pittier\",\"publisher\":{\"@id\":\"https:\\\/\\\/www.casapittier.com\\\/#organization\"},\"potentialAction\":[{\"@type\":\"SearchAction\",\"target\":{\"@type\":\"EntryPoint\",\"urlTemplate\":\"https:\\\/\\\/www.casapittier.com\\\/?s={search_term_string}\"},\"query-input\":{\"@type\":\"PropertyValueSpecification\",\"valueRequired\":true,\"valueName\":\"search_term_string\"}}],\"inLanguage\":\"en-US\"},{\"@type\":\"Organization\",\"@id\":\"https:\\\/\\\/www.casapittier.com\\\/#organization\",\"name\":\"Casa de Estancia Pittier\",\"url\":\"https:\\\/\\\/www.casapittier.com\\\/\",\"logo\":{\"@type\":\"ImageObject\",\"inLanguage\":\"en-US\",\"@id\":\"https:\\\/\\\/www.casapittier.com\\\/#\\\/schema\\\/logo\\\/image\\\/\",\"url\":\"https:\\\/\\\/www.casapittier.com\\\/wp-content\\\/uploads\\\/Untitled-design.png\",\"contentUrl\":\"https:\\\/\\\/www.casapittier.com\\\/wp-content\\\/uploads\\\/Untitled-design.png\",\"width\":1500,\"height\":1500,\"caption\":\"Casa de Estancia Pittier\"},\"image\":{\"@id\":\"https:\\\/\\\/www.casapittier.com\\\/#\\\/schema\\\/logo\\\/image\\\/\"},\"sameAs\":[\"https:\\\/\\\/www.facebook.com\\\/casaspittier\\\/\",\"https:\\\/\\\/www.instagram.com\\\/casaspittier\\\/\"]}]}<\/script>\n<!-- \/ Yoast SEO plugin. -->","yoast_head_json":{"title":"Blog &#8226; Casa Pittier","robots":{"index":"index","follow":"follow","max-snippet":"max-snippet:-1","max-image-preview":"max-image-preview:large","max-video-preview":"max-video-preview:-1"},"canonical":"https:\/\/www.casapittier.com\/en\/blog\/","og_locale":"en_US","og_type":"article","og_title":"Blog &#8226; Casa Pittier","og_url":"https:\/\/www.casapittier.com\/en\/blog\/","og_site_name":"Casa Pittier","article_publisher":"https:\/\/www.facebook.com\/casaspittier\/","article_modified_time":"2020-09-04T01:19:35+00:00","twitter_card":"summary_large_image","twitter_misc":{"Est. reading time":"2 minutes"},"schema":{"@context":"https:\/\/schema.org","@graph":[{"@type":"WebPage","@id":"https:\/\/www.casapittier.com\/blog\/","url":"https:\/\/www.casapittier.com\/blog\/","name":"Blog &#8226; Casa Pittier","isPartOf":{"@id":"https:\/\/www.casapittier.com\/#website"},"datePublished":"2020-07-10T18:12:55+00:00","dateModified":"2020-09-04T01:19:35+00:00","breadcrumb":{"@id":"https:\/\/www.casapittier.com\/blog\/#breadcrumb"},"inLanguage":"en-US","potentialAction":[{"@type":"ReadAction","target":["https:\/\/www.casapittier.com\/blog\/"]}]},{"@type":"BreadcrumbList","@id":"https:\/\/www.casapittier.com\/blog\/#breadcrumb","itemListElement":[{"@type":"ListItem","position":1,"name":"Portada","item":"https:\/\/www.casapittier.com\/"},{"@type":"ListItem","position":2,"name":"Blog"}]},{"@type":"WebSite","@id":"https:\/\/www.casapittier.com\/#website","url":"https:\/\/www.casapittier.com\/","name":"Casa de Estancia Pittier","description":"Casa de Estancia Pittier","publisher":{"@id":"https:\/\/www.casapittier.com\/#organization"},"potentialAction":[{"@type":"SearchAction","target":{"@type":"EntryPoint","urlTemplate":"https:\/\/www.casapittier.com\/?s={search_term_string}"},"query-input":{"@type":"PropertyValueSpecification","valueRequired":true,"valueName":"search_term_string"}}],"inLanguage":"en-US"},{"@type":"Organization","@id":"https:\/\/www.casapittier.com\/#organization","name":"Casa de Estancia Pittier","url":"https:\/\/www.casapittier.com\/","logo":{"@type":"ImageObject","inLanguage":"en-US","@id":"https:\/\/www.casapittier.com\/#\/schema\/logo\/image\/","url":"https:\/\/www.casapittier.com\/wp-content\/uploads\/Untitled-design.png","contentUrl":"https:\/\/www.casapittier.com\/wp-content\/uploads\/Untitled-design.png","width":1500,"height":1500,"caption":"Casa de Estancia Pittier"},"image":{"@id":"https:\/\/www.casapittier.com\/#\/schema\/logo\/image\/"},"sameAs":["https:\/\/www.facebook.com\/casaspittier\/","https:\/\/www.instagram.com\/casaspittier\/"]}]}},"_links":{"self":[{"href":"https:\/\/www.casapittier.com\/en\/wp-json\/wp\/v2\/pages\/185","targetHints":{"allow":["GET"]}}],"collection":[{"href":"https:\/\/www.casapittier.com\/en\/wp-json\/wp\/v2\/pages"}],"about":[{"href":"https:\/\/www.casapittier.com\/en\/wp-json\/wp\/v2\/types\/page"}],"author":[{"embeddable":true,"href":"https:\/\/www.casapittier.com\/en\/wp-json\/wp\/v2\/users\/1"}],"replies":[{"embeddable":true,"href":"https:\/\/www.casapittier.com\/en\/wp-json\/wp\/v2\/comments?post=185"}],"version-history":[{"count":9,"href":"https:\/\/www.casapittier.com\/en\/wp-json\/wp\/v2\/pages\/185\/revisions"}],"predecessor-version":[{"id":428,"href":"https:\/\/www.casapittier.com\/en\/wp-json\/wp\/v2\/pages\/185\/revisions\/428"}],"wp:attachment":[{"href":"https:\/\/www.casapittier.com\/en\/wp-json\/wp\/v2\/media?parent=185"}],"curies":[{"name":"wp","href":"https:\/\/api.w.org\/{rel}","templated":true}]}}