{"id":328,"date":"2020-08-04T11:33:03","date_gmt":"2020-08-04T17:33:03","guid":{"rendered":"http:\/\/casapittier.com\/?page_id=328"},"modified":"2020-08-04T11:33:03","modified_gmt":"2020-08-04T17:33:03","slug":"politicas-de-privacidad","status":"publish","type":"page","link":"https:\/\/www.casapittier.com\/en\/politicas-de-privacidad\/","title":{"rendered":"POL\u00cdTICAS DE PRIVACIDAD"},"content":{"rendered":"<div class=\"fusion-fullwidth fullwidth-box fusion-builder-row-1 nonhundred-percent-fullwidth non-hundred-percent-height-scrolling\" style=\"background-color: rgba(255,255,255,0);background-position: center center;background-repeat: no-repeat;padding-top:40px;padding-right:0px;padding-bottom:40px;padding-left:0px;margin-bottom: 0px;margin-top: 0px;border-width: 0px 0px 0px 0px;border-color:#e2e2e2;border-style:solid;\" ><div class=\"fusion-builder-row fusion-row\"><div class=\"fusion-layout-column fusion_builder_column fusion-builder-column-0 fusion_builder_column_1_1 1_1 fusion-one-full fusion-column-first fusion-column-last\" style=\"margin-top:0px;margin-bottom:0px;\"><div class=\"fusion-column-wrapper fusion-flex-column-wrapper-legacy\" style=\"background-position:left top;background-repeat:no-repeat;-webkit-background-size:cover;-moz-background-size:cover;-o-background-size:cover;background-size:cover;padding: 0px 0px 0px 0px;\"><div class=\"fusion-text fusion-text-1\"><h4 class=\"p2\"><b>Privacidad<\/b><\/h4>\n<p class=\"p2\">En casapittier.com creemos que, como nuestro visitante on-line, usted tiene derecho a conocer nuestras pr\u00e1cticas en lo que se refiere a la informaci\u00f3n y al tipo de informaci\u00f3n que recopilamos de tus visitas a nuestra p\u00e1gina web. Las directrices aqu\u00ed incluidas s\u00f3lo son aplicables a las visitas y compras en la p\u00e1gina casapittier.com<\/p>\n<h4 class=\"p2\"><b>Recopilaci\u00f3n de informaci\u00f3n: cookies, personal<\/b><\/h4>\n<p class=\"p2\">El servidor web de casapittier.com reconoce autom\u00e1ticamente y almacena informaci\u00f3n como la direcci\u00f3n IP del visitante\/combinaci\u00f3n de nombre de dominio. Esta informaci\u00f3n se utiliza para descifrar los modelos de tr\u00e1fico de visita a trav\u00e9s de nuestras p\u00e1ginas con el fin, por ejemplo, de aumentar su usabilidad. Su computadora proporciona esta informaci\u00f3n de manera autom\u00e1tica cada vez que se conecta, a menos que haya activado la tecnolog\u00eda de bloqueo que se encuentra disponible en algunos browsers.<\/p>\n<p class=\"p2\">De forma adicional, nuestra p\u00e1gina web casapittier.com puede solicitarle \u201cinformaci\u00f3n personal\u201d, es decir, informaci\u00f3n individual identificable como, por ejemplo, su direcci\u00f3n de correo electr\u00f3nico, nombre, direcci\u00f3n de correo postal, n\u00famero de tel\u00e9fono, n\u00famero de c\u00e9dula, que se asocia con informaci\u00f3n individual identificable, con el fin de poder comunicarnos con usted para notificarle sobre la cuenta, confirmar las compras que realice, para enviar actualizaciones sobre la empresa, para sondear su opini\u00f3n a trav\u00e9s de encuestas o cuestionarios, para permitirle participar en concursos.<\/p>\n<p class=\"p2\">casapittier.com puede combinar la informaci\u00f3n que usted ha proporcionado en su web con otra informaci\u00f3n que podemos recopilar sobre usted a partir de terceras partes, con el fin de poder personalizar con m\u00e1s efectividad nuestra p\u00e1gina, servicios y ofertas. En caso de que haya proporcionado informaci\u00f3n personal a casapittier.com, tendr\u00e1 derecho, en caso de que avise con antelaci\u00f3n razonable, a inspeccionar, cambiar, enmendar o borrar dicha informaci\u00f3n. Los pasos para seguir para actualizar la informaci\u00f3n personal se proporcionar\u00e1n en el momento de recopilaci\u00f3n de informaci\u00f3n.<\/p>\n<p class=\"p2\">casapittier.com le podr\u00e1 contactar con el fin de informarle sobre productos, servicios, promociones, concursos u otras actividades u ofertas que puedan resultar de tu inter\u00e9s. Puede comunicarnos si desea o no ser contactado con una solicitud por correo electr\u00f3nico o cancelar su suscripci\u00f3n en el enlace que se muestra en la parte inferior de cada correo.\u00a0 Adem\u00e1s, con cada comunicaci\u00f3n que usted reciba de casapittier.com se le dar\u00e1 la oportunidad de indicar que no desea recibir m\u00e1s comunicaciones.<\/p>\n<p class=\"p2\">A menos que sea para fines exigidos por usted o acordados en un principio, casapittier.com no compartir\u00e1 la informaci\u00f3n personal proporcionada por usted en las p\u00e1ginas web de casapittier.com con nadie, salvo que (a) cuente con su consentimiento, (b) as\u00ed lo permita o requiera la ley o una orden judicial y\/o (c) sea a personas o empresas a las que casapittier.com ha contratado para llevar a cabo las operaciones internas de la p\u00e1gina o nuestros negocios (por ejemplo, enviarle un art\u00edculo promocional que ha solicitado mediante nuestra web).<\/p>\n<p class=\"p2\">Con su consentimiento, casapittier.com podr\u00e1 compartir su informaci\u00f3n personal con otras empresas afiliadas de casapittier.com (es decir, (ii) cualquier empresa en la que m\u00e1s del 50% de sus acciones sean propiedad de Casa de Estancia Pittier S.A., directa o indirectamente, o (iii) cualquier empresa con el nombre &#8220;casapittier.com&#8221; (como parte de su marca comercial) que pueda querer contactarle con el fin de informarle sobre productos, servicios u otras ofertas que puedan resultar de su inter\u00e9s.\u00a0 Adem\u00e1s, y s\u00f3lo con su consentimiento, casapittier.com no compartir\u00e1 su informaci\u00f3n personal con terceras partes espec\u00edficas fuera del grupo de empresas de casapittier.com que puedan querer contactarte para ofrecerle productos, servicios u otras ofertas que puedan resultar de su inter\u00e9s.<\/p>\n<h4 class=\"p2\"><b>Seguridad<\/b><\/h4>\n<p class=\"p2\">A pesar de que casapittier.com no puede garantizar que nunca se dar\u00e1 acceso sin autorizaci\u00f3n, casapittier.com presta especial atenci\u00f3n a la hora de mantener la seguridad de su informaci\u00f3n personal y a la hora de impedir el acceso no autorizado a ella a trav\u00e9s del uso de la tecnolog\u00eda y de los procedimientos internos pertinentes.<\/p>\n<h4 class=\"p2\"><b>Las reglas rigen el uso; cambios en la pol\u00edtica de privacidad<\/b><\/h4>\n<p class=\"p2\">Los t\u00e9rminos de estas reglas regir\u00e1n el uso y cualquier informaci\u00f3n obtenida durante su ejecuci\u00f3n. casapittier.com se reserva el derecho a cambiar esta pol\u00edtica en cualquier momento, por lo que le rogamos visite esta p\u00e1gina las veces que desee. Los cambios en la pol\u00edtica de privacidad ser\u00e1n efectivos a partir del momento en el que se incluyen en esta p\u00e1gina.<\/p>\n<h4 class=\"p2\"><b>Fuerza legal del descargo de responsabilidad<\/b><\/h4>\n<p class=\"p2\">Este descargo de responsabilidad forma parte de la publicaci\u00f3n en Internet. En caso de que secciones o parte del texto no sea legal o correcto, el contenido y la validez del resto de las partes no se ver\u00e1n influenciadas por este hecho.<\/p>\n<h4 class=\"p2\"><b>Cuestiones generales de la web<\/b><\/h4>\n<p class=\"p2\">En caso de cuestiones referidas a la web de casapittier.com, o para futuras informaciones, por favor cont\u00e1ctenos al correo electr\u00f3nico <span class=\"s1\">(agregar correo electr\u00f3nico)<\/span><\/p>\n<\/div><div class=\"fusion-clearfix\"><\/div><\/div><\/div><\/div><\/div>","protected":false},"excerpt":{"rendered":"","protected":false},"author":1,"featured_media":0,"parent":0,"menu_order":0,"comment_status":"closed","ping_status":"closed","template":"","meta":{"footnotes":""},"class_list":["post-328","page","type-page","status-publish","hentry"],"yoast_head":"<!-- This site is optimized with the Yoast SEO plugin v27.4 - https:\/\/yoast.com\/product\/yoast-seo-wordpress\/ -->\n<title>POL\u00cdTICAS DE PRIVACIDAD &#8226; Casa Pittier<\/title>\n<meta name=\"robots\" content=\"index, follow, max-snippet:-1, max-image-preview:large, max-video-preview:-1\" \/>\n<link rel=\"canonical\" href=\"https:\/\/www.casapittier.com\/en\/politicas-de-privacidad\/\" \/>\n<meta property=\"og:locale\" content=\"en_US\" \/>\n<meta property=\"og:type\" content=\"article\" \/>\n<meta property=\"og:title\" content=\"POL\u00cdTICAS DE PRIVACIDAD &#8226; Casa Pittier\" \/>\n<meta property=\"og:url\" content=\"https:\/\/www.casapittier.com\/en\/politicas-de-privacidad\/\" \/>\n<meta property=\"og:site_name\" content=\"Casa Pittier\" \/>\n<meta property=\"article:publisher\" content=\"https:\/\/www.facebook.com\/casaspittier\/\" \/>\n<meta name=\"twitter:card\" content=\"summary_large_image\" \/>\n<meta name=\"twitter:label1\" content=\"Est. reading time\" \/>\n\t<meta name=\"twitter:data1\" content=\"6 minutes\" \/>\n<script type=\"application\/ld+json\" class=\"yoast-schema-graph\">{\"@context\":\"https:\\\/\\\/schema.org\",\"@graph\":[{\"@type\":\"WebPage\",\"@id\":\"https:\\\/\\\/www.casapittier.com\\\/politicas-de-privacidad\\\/\",\"url\":\"https:\\\/\\\/www.casapittier.com\\\/politicas-de-privacidad\\\/\",\"name\":\"POL\u00cdTICAS DE PRIVACIDAD &#8226; Casa Pittier\",\"isPartOf\":{\"@id\":\"https:\\\/\\\/www.casapittier.com\\\/#website\"},\"datePublished\":\"2020-08-04T17:33:03+00:00\",\"breadcrumb\":{\"@id\":\"https:\\\/\\\/www.casapittier.com\\\/politicas-de-privacidad\\\/#breadcrumb\"},\"inLanguage\":\"en-US\",\"potentialAction\":[{\"@type\":\"ReadAction\",\"target\":[\"https:\\\/\\\/www.casapittier.com\\\/politicas-de-privacidad\\\/\"]}]},{\"@type\":\"BreadcrumbList\",\"@id\":\"https:\\\/\\\/www.casapittier.com\\\/politicas-de-privacidad\\\/#breadcrumb\",\"itemListElement\":[{\"@type\":\"ListItem\",\"position\":1,\"name\":\"Portada\",\"item\":\"https:\\\/\\\/www.casapittier.com\\\/\"},{\"@type\":\"ListItem\",\"position\":2,\"name\":\"POL\u00cdTICAS DE PRIVACIDAD\"}]},{\"@type\":\"WebSite\",\"@id\":\"https:\\\/\\\/www.casapittier.com\\\/#website\",\"url\":\"https:\\\/\\\/www.casapittier.com\\\/\",\"name\":\"Casa de Estancia Pittier\",\"description\":\"Casa de Estancia Pittier\",\"publisher\":{\"@id\":\"https:\\\/\\\/www.casapittier.com\\\/#organization\"},\"potentialAction\":[{\"@type\":\"SearchAction\",\"target\":{\"@type\":\"EntryPoint\",\"urlTemplate\":\"https:\\\/\\\/www.casapittier.com\\\/?s={search_term_string}\"},\"query-input\":{\"@type\":\"PropertyValueSpecification\",\"valueRequired\":true,\"valueName\":\"search_term_string\"}}],\"inLanguage\":\"en-US\"},{\"@type\":\"Organization\",\"@id\":\"https:\\\/\\\/www.casapittier.com\\\/#organization\",\"name\":\"Casa de Estancia Pittier\",\"url\":\"https:\\\/\\\/www.casapittier.com\\\/\",\"logo\":{\"@type\":\"ImageObject\",\"inLanguage\":\"en-US\",\"@id\":\"https:\\\/\\\/www.casapittier.com\\\/#\\\/schema\\\/logo\\\/image\\\/\",\"url\":\"https:\\\/\\\/www.casapittier.com\\\/wp-content\\\/uploads\\\/Untitled-design.png\",\"contentUrl\":\"https:\\\/\\\/www.casapittier.com\\\/wp-content\\\/uploads\\\/Untitled-design.png\",\"width\":1500,\"height\":1500,\"caption\":\"Casa de Estancia Pittier\"},\"image\":{\"@id\":\"https:\\\/\\\/www.casapittier.com\\\/#\\\/schema\\\/logo\\\/image\\\/\"},\"sameAs\":[\"https:\\\/\\\/www.facebook.com\\\/casaspittier\\\/\",\"https:\\\/\\\/www.instagram.com\\\/casaspittier\\\/\"]}]}<\/script>\n<!-- \/ Yoast SEO plugin. -->","yoast_head_json":{"title":"POL\u00cdTICAS DE PRIVACIDAD &#8226; Casa Pittier","robots":{"index":"index","follow":"follow","max-snippet":"max-snippet:-1","max-image-preview":"max-image-preview:large","max-video-preview":"max-video-preview:-1"},"canonical":"https:\/\/www.casapittier.com\/en\/politicas-de-privacidad\/","og_locale":"en_US","og_type":"article","og_title":"POL\u00cdTICAS DE PRIVACIDAD &#8226; Casa Pittier","og_url":"https:\/\/www.casapittier.com\/en\/politicas-de-privacidad\/","og_site_name":"Casa Pittier","article_publisher":"https:\/\/www.facebook.com\/casaspittier\/","twitter_card":"summary_large_image","twitter_misc":{"Est. reading time":"6 minutes"},"schema":{"@context":"https:\/\/schema.org","@graph":[{"@type":"WebPage","@id":"https:\/\/www.casapittier.com\/politicas-de-privacidad\/","url":"https:\/\/www.casapittier.com\/politicas-de-privacidad\/","name":"POL\u00cdTICAS DE PRIVACIDAD &#8226; Casa Pittier","isPartOf":{"@id":"https:\/\/www.casapittier.com\/#website"},"datePublished":"2020-08-04T17:33:03+00:00","breadcrumb":{"@id":"https:\/\/www.casapittier.com\/politicas-de-privacidad\/#breadcrumb"},"inLanguage":"en-US","potentialAction":[{"@type":"ReadAction","target":["https:\/\/www.casapittier.com\/politicas-de-privacidad\/"]}]},{"@type":"BreadcrumbList","@id":"https:\/\/www.casapittier.com\/politicas-de-privacidad\/#breadcrumb","itemListElement":[{"@type":"ListItem","position":1,"name":"Portada","item":"https:\/\/www.casapittier.com\/"},{"@type":"ListItem","position":2,"name":"POL\u00cdTICAS DE PRIVACIDAD"}]},{"@type":"WebSite","@id":"https:\/\/www.casapittier.com\/#website","url":"https:\/\/www.casapittier.com\/","name":"Casa de Estancia Pittier","description":"Casa de Estancia Pittier","publisher":{"@id":"https:\/\/www.casapittier.com\/#organization"},"potentialAction":[{"@type":"SearchAction","target":{"@type":"EntryPoint","urlTemplate":"https:\/\/www.casapittier.com\/?s={search_term_string}"},"query-input":{"@type":"PropertyValueSpecification","valueRequired":true,"valueName":"search_term_string"}}],"inLanguage":"en-US"},{"@type":"Organization","@id":"https:\/\/www.casapittier.com\/#organization","name":"Casa de Estancia Pittier","url":"https:\/\/www.casapittier.com\/","logo":{"@type":"ImageObject","inLanguage":"en-US","@id":"https:\/\/www.casapittier.com\/#\/schema\/logo\/image\/","url":"https:\/\/www.casapittier.com\/wp-content\/uploads\/Untitled-design.png","contentUrl":"https:\/\/www.casapittier.com\/wp-content\/uploads\/Untitled-design.png","width":1500,"height":1500,"caption":"Casa de Estancia Pittier"},"image":{"@id":"https:\/\/www.casapittier.com\/#\/schema\/logo\/image\/"},"sameAs":["https:\/\/www.facebook.com\/casaspittier\/","https:\/\/www.instagram.com\/casaspittier\/"]}]}},"_links":{"self":[{"href":"https:\/\/www.casapittier.com\/en\/wp-json\/wp\/v2\/pages\/328","targetHints":{"allow":["GET"]}}],"collection":[{"href":"https:\/\/www.casapittier.com\/en\/wp-json\/wp\/v2\/pages"}],"about":[{"href":"https:\/\/www.casapittier.com\/en\/wp-json\/wp\/v2\/types\/page"}],"author":[{"embeddable":true,"href":"https:\/\/www.casapittier.com\/en\/wp-json\/wp\/v2\/users\/1"}],"replies":[{"embeddable":true,"href":"https:\/\/www.casapittier.com\/en\/wp-json\/wp\/v2\/comments?post=328"}],"version-history":[{"count":1,"href":"https:\/\/www.casapittier.com\/en\/wp-json\/wp\/v2\/pages\/328\/revisions"}],"predecessor-version":[{"id":329,"href":"https:\/\/www.casapittier.com\/en\/wp-json\/wp\/v2\/pages\/328\/revisions\/329"}],"wp:attachment":[{"href":"https:\/\/www.casapittier.com\/en\/wp-json\/wp\/v2\/media?parent=328"}],"curies":[{"name":"wp","href":"https:\/\/api.w.org\/{rel}","templated":true}]}}