{"id":330,"date":"2020-08-04T11:36:17","date_gmt":"2020-08-04T17:36:17","guid":{"rendered":"http:\/\/casapittier.com\/?page_id=330"},"modified":"2020-08-04T11:36:47","modified_gmt":"2020-08-04T17:36:47","slug":"terminos-y-condiciones","status":"publish","type":"page","link":"https:\/\/www.casapittier.com\/en\/terminos-y-condiciones\/","title":{"rendered":"Terms and Conditions"},"content":{"rendered":"<div class=\"fusion-fullwidth fullwidth-box fusion-builder-row-1 nonhundred-percent-fullwidth non-hundred-percent-height-scrolling\" style=\"background-color: rgba(255,255,255,0);background-position: center center;background-repeat: no-repeat;padding-top:40px;padding-right:0px;padding-bottom:40px;padding-left:0px;margin-bottom: 0px;margin-top: 0px;border-width: 0px 0px 0px 0px;border-color:#e2e2e2;border-style:solid;\" ><div class=\"fusion-builder-row fusion-row\"><div class=\"fusion-layout-column fusion_builder_column fusion-builder-column-0 fusion_builder_column_1_1 1_1 fusion-one-full fusion-column-first fusion-column-last\" style=\"margin-top:0px;margin-bottom:0px;\"><div class=\"fusion-column-wrapper fusion-flex-column-wrapper-legacy\" style=\"background-position:left top;background-repeat:no-repeat;-webkit-background-size:cover;-moz-background-size:cover;-o-background-size:cover;background-size:cover;padding: 0px 0px 0px 0px;\"><div class=\"fusion-text fusion-text-1\"><h4 class=\"p2\"><b>T\u00e9rminos y condiciones de uso<\/b><\/h4>\n<p class=\"p2\">Esta p\u00e1gina web, y, por ende, cualquier subp\u00e1gina a la que se pueda acceder a trav\u00e9s de la p\u00e1gina principal, (la &#8220;P\u00e1gina&#8221;) est\u00e1n publicadas y mantenidas por empresas subsidiarias, filiales y\/o entidades relacionadas con Casa de Estancia Pittier S.A. (&#8220;casapittier.com&#8221;).\u00a0 Rogamos tenga en cuenta que las subp\u00e1ginas a las que acceda a trav\u00e9s de esta p\u00e1gina principal pueden estar sujetas a t\u00e9rminos y condiciones de uso espec\u00edficos de esa subp\u00e1gina.\u00a0 Al acceder, actualizar o utilizar esta P\u00e1gina est\u00e1 aceptando, sin limitaci\u00f3n o cualificaci\u00f3n, los t\u00e9rminos y condiciones aqu\u00ed incluidas y cualquier requisito adicional incluido en las subp\u00e1ginas a las que acceda desde aqu\u00ed.<\/p>\n<h4 class=\"p2\"><b>Su derecho a usar esta p\u00e1gina y sus contenidos<\/b><\/h4>\n<p class=\"p2\">Esta P\u00e1gina est\u00e1 destinada exclusivamente al uso personal.\u00a0 Queda prohibido distribuir, intercambiar, modificar, vender o transmitir nada de lo que copie de esta P\u00e1gina, incluyendo, y no limit\u00e1ndose a, cualquier texto, imagen, archivo de audio y v\u00eddeo con fines comerciales, empresariales o p\u00fablicos.\u00a0 Si cumple los requisitos incluidos en este documento de T\u00e9rminos y Condiciones, casapittier.com le otorgar\u00e1 el derecho, limitado, no transferible y exclusivo, a entrar, consultar y utilizar esta P\u00e1gina. \u00a0Acepta no interrumpir ni intentar interrumpir, en modo alguno, la operaci\u00f3n de esta P\u00e1gina.<\/p>\n<h4 class=\"p2\"><b>Propiedad<\/b><\/h4>\n<p class=\"p2\">Todos los materiales incluidos en esta P\u00e1gina, incluyendo, y no limit\u00e1ndose a, archivos de audio, im\u00e1genes, software, texto y v\u00eddeo clips, (el \u201cContenido\u201d) est\u00e1n protegidos por Copyright, seg\u00fan los acuerdos internacionales y las leyes del Copyright. El Contenido no se podr\u00e1 utilizar, excepto de la forma aqu\u00ed especificada.<\/p>\n<p class=\"p2\">Usted acepta seguir todas las directrices incluidas en esta P\u00e1gina que limitan el uso del Contenido.\u00a0 Existen varios logos propietarios, marcas de servicio y marcas comerciales en esta P\u00e1gina. Al ponerlos a su disposici\u00f3n en esta P\u00e1gina, casapittier.com no le est\u00e1 autorizando a utilizar estos logos propietarios, marcas de servicio y marcas comerciales. Cualquier uso no autorizado del Contenido puede implicar una violaci\u00f3n de las leyes de Copyright, de las leyes de marcas comerciales, de las leyes de privacidad y publicidad y de los estatutos penales y civiles. Podr\u00e1 descargarse una (1) sola copia del Contenido exclusivamente para su uso personal y en su hogar, salvo que se especifique lo contrario en la subp\u00e1gina en la que se encuentre. En caso de descargar cualquier Contenido de esta P\u00e1gina, queda prohibido eliminar cualquier aviso de Copyright o de marca registrada o cualquier otro aviso incluido en ella.<\/p>\n<h4 class=\"p2\"><b>Normas de formularios y cualquier otro material proporcionado por el usuario<\/b><\/h4>\n<p class=\"p2\">Esta P\u00e1gina puede contar con \u00e1reas en las que pueda \u201cchatear\u201d o cargar y descargar materiales. Al utilizar cualquiera de estas \u00e1reas, est\u00e1 aceptando no enviar, difundir, cargar o publicar material, en modo alguno, a trav\u00e9s de esta P\u00e1gina que (1) interfiera en el uso de la P\u00e1gina por parte de cualquier otro usuario; (2) sea abusivo, ilegal, indecente, obsceno, ofensivo o amenazador en cualquier modo; (3) induzca a infringir la ley; (4) viole el Copyright o derecho de propiedad de cualquiera; (5) interfiera en la privacidad de cualquier otro usuario; (6) contenga un virus o cualquier otro componente da\u00f1ino; o (7) contenga informaci\u00f3n falsa o enga\u00f1osa de hechos o descripciones sobre el origen del material o la comunicaci\u00f3n. Acepta cumplir cualquier requisito adicional relacionado con esta P\u00e1gina o con cualquier subp\u00e1gina incluida en la P\u00e1gina.<\/p>\n<h4 class=\"p2\"><b>Derechos de\u00a0casapittier.com\u00a0sobre el material de los usuarios<\/b><\/h4>\n<p class=\"p2\">En caso de que se env\u00ede una comunicaci\u00f3n o material a la P\u00e1gina, a trav\u00e9s del correo electr\u00f3nico, o de cualquier otro modo, que incluya cualquier comentario, informaci\u00f3n, pregunta, sugerencia o similar, debe recordar que dichas comunicaciones son y ser\u00e1n tratadas como no confidenciales.\u00a0 De este modo, renuncia a su derecho a reclamar acerca del uso que se le da a dicho material, independientemente de que \u00e9ste viole cualquiera de sus derechos, incluidos sus derechos morales, de privacidad, de propiedad, de publicidad, de cr\u00e9dito para materiales o ideas, o de cualquier otro derecho, incluido el derecho a aprobar el modo en que casapittier.com utiliza dicho material. Todo el material enviado a esta P\u00e1gina podr\u00e1 ser adaptado, emitido, cambiado, copiado, revelado, licenciado, ejercido, enviado, publicado, vendido, transmitido o utilizado por casapittier.com en cualquier parte del mundo, a trav\u00e9s de cualquier medio y en cualquier momento.<\/p>\n<h4 class=\"p2\"><b>Material difundido<\/b><\/h4>\n<p class=\"p2\">Las transmisiones por Internet no son nunca completamente privadas o seguras. Entiende que cualquier mensaje o informaci\u00f3n que env\u00ede a esta P\u00e1gina podr\u00e1 ser le\u00eddo o interceptado por otros, a menos que exista un aviso especial sobre un mensaje espec\u00edfico (por ejemplo, informaci\u00f3n de la tarjeta de cr\u00e9dito) que se encriptar\u00e1 (en c\u00f3digos). El hecho de enviar un mensaje a casapittier.com no implica ninguna responsabilidad especial de casapittier.com para con usted. El Copyright de los contenidos de esta p\u00e1gina web pertenecen a casapittier.com y a sus proveedores. Seg\u00fan esto, casapittier.com se reserva todos los derechos. Queda prohibida la copia de parte o de todos los contenidos de esta p\u00e1gina web sin autorizaci\u00f3n expresa de casapittier.com, salvo en los siguientes casos: si se pueden imprimir o descargar extractos del texto impreso en esta p\u00e1gina web para su uso personal, siempre que no sea incorporado a cualquier otro trabajo o Publicaci\u00f3n. Si se pueden recopilar los extractos a terceras partes individuales para su propio uso privado.<\/p>\n<h4 class=\"p2\"><b>Concursos<\/b><\/h4>\n<p class=\"p2\">Esta P\u00e1gina puede contener concursos que requieran el env\u00edo de material o informaci\u00f3n sobre su persona o precios de oferta. Cada concurso cuenta con sus propias normas, que deber\u00e1 leer y aceptar antes de entrar.\u00a0<\/p>\n<h4 class=\"p2\"><b>Cambio de precios sin previo aviso <\/b><\/h4>\n<p class=\"p2\">Los precios mostrados en esta p\u00e1gina pueden cambiar sin previo aviso casapittier.com podr\u00e1 a\u00f1adir, cambiar, interrumpir, eliminar o suspender cualquier contenido incluido en esta P\u00e1gina, incluyendo los precios, caracter\u00edsticas y especificaciones de productos descritos o representados en la P\u00e1gina, temporal o permanentemente, en cualquier momento, sin previo aviso y sin responsabilidad alguna.<\/p>\n<h4 class=\"p2\"><b>Derecho de casapittier.com a cambiar los t\u00e9rminos y condiciones de uso de esta p\u00e1gina<\/b><\/h4>\n<p class=\"p2\">casapittier.com podr\u00e1 a\u00f1adir, cambiar o eliminar cualquier parte de estos T\u00e9rminos y Condiciones de Uso en cualquier momento, sin previo aviso. Cualquier cambio en estos T\u00e9rminos y Condiciones de Uso o cualquier requisito que se incluya en esta P\u00e1gina, ser\u00e1 aplicable a partir del momento en el que se incluye en la P\u00e1gina.<\/p>\n<p class=\"p2\">Si\u00a0contin\u00faa utilizando esta P\u00e1gina despu\u00e9s de que se hayan introducido los nuevos cambios, se asumir\u00e1 que acepta estos cambios.\u00a0 casapittier.com podr\u00e1 a\u00f1adir, cambiar, interrumpir, eliminar o suspender cualquier Contenido incluido en esta P\u00e1gina, incluyendo los precios, caracter\u00edsticas y especificaciones de productos descritos o representados en la P\u00e1gina, temporal o permanentemente, en cualquier momento, sin previo aviso y sin responsabilidad alguna.<\/p>\n<h4 class=\"p2\"><b>Provisiones generales<\/b><\/h4>\n<p class=\"p2\">El conjunto de estos T\u00e9rminos y Condiciones de uso y cualquier requisito adicional incluido en esta P\u00e1gina constituyen el acuerdo total entre casapittier.com y usted en lo relativo a esta P\u00e1gina.<\/p>\n<\/div><div class=\"fusion-clearfix\"><\/div><\/div><\/div><\/div><\/div>","protected":false},"excerpt":{"rendered":"","protected":false},"author":1,"featured_media":0,"parent":0,"menu_order":0,"comment_status":"closed","ping_status":"closed","template":"","meta":{"footnotes":""},"class_list":["post-330","page","type-page","status-publish","hentry"],"yoast_head":"<!-- This site is optimized with the Yoast SEO plugin v27.4 - https:\/\/yoast.com\/product\/yoast-seo-wordpress\/ -->\n<title>T\u00e9rminos y Condiciones de Uso &#8226; Casa Pittier<\/title>\n<meta name=\"robots\" content=\"index, follow, max-snippet:-1, max-image-preview:large, max-video-preview:-1\" \/>\n<link rel=\"canonical\" href=\"https:\/\/www.casapittier.com\/en\/terminos-y-condiciones\/\" \/>\n<meta property=\"og:locale\" content=\"en_US\" \/>\n<meta property=\"og:type\" content=\"article\" \/>\n<meta property=\"og:title\" content=\"T\u00e9rminos y Condiciones de Uso &#8226; Casa Pittier\" \/>\n<meta property=\"og:url\" content=\"https:\/\/www.casapittier.com\/en\/terminos-y-condiciones\/\" \/>\n<meta property=\"og:site_name\" content=\"Casa Pittier\" \/>\n<meta property=\"article:publisher\" content=\"https:\/\/www.facebook.com\/casaspittier\/\" \/>\n<meta property=\"article:modified_time\" content=\"2020-08-04T17:36:47+00:00\" \/>\n<meta name=\"twitter:card\" content=\"summary_large_image\" \/>\n<meta name=\"twitter:label1\" content=\"Est. reading time\" \/>\n\t<meta name=\"twitter:data1\" content=\"8 minutes\" \/>\n<script type=\"application\/ld+json\" class=\"yoast-schema-graph\">{\"@context\":\"https:\\\/\\\/schema.org\",\"@graph\":[{\"@type\":\"WebPage\",\"@id\":\"https:\\\/\\\/www.casapittier.com\\\/terminos-y-condiciones\\\/\",\"url\":\"https:\\\/\\\/www.casapittier.com\\\/terminos-y-condiciones\\\/\",\"name\":\"T\u00e9rminos y Condiciones de Uso &#8226; Casa Pittier\",\"isPartOf\":{\"@id\":\"https:\\\/\\\/www.casapittier.com\\\/#website\"},\"datePublished\":\"2020-08-04T17:36:17+00:00\",\"dateModified\":\"2020-08-04T17:36:47+00:00\",\"breadcrumb\":{\"@id\":\"https:\\\/\\\/www.casapittier.com\\\/terminos-y-condiciones\\\/#breadcrumb\"},\"inLanguage\":\"en-US\",\"potentialAction\":[{\"@type\":\"ReadAction\",\"target\":[\"https:\\\/\\\/www.casapittier.com\\\/terminos-y-condiciones\\\/\"]}]},{\"@type\":\"BreadcrumbList\",\"@id\":\"https:\\\/\\\/www.casapittier.com\\\/terminos-y-condiciones\\\/#breadcrumb\",\"itemListElement\":[{\"@type\":\"ListItem\",\"position\":1,\"name\":\"Portada\",\"item\":\"https:\\\/\\\/www.casapittier.com\\\/\"},{\"@type\":\"ListItem\",\"position\":2,\"name\":\"T\u00e9rminos y Condiciones de Uso\"}]},{\"@type\":\"WebSite\",\"@id\":\"https:\\\/\\\/www.casapittier.com\\\/#website\",\"url\":\"https:\\\/\\\/www.casapittier.com\\\/\",\"name\":\"Casa de Estancia Pittier\",\"description\":\"Casa de Estancia Pittier\",\"publisher\":{\"@id\":\"https:\\\/\\\/www.casapittier.com\\\/#organization\"},\"potentialAction\":[{\"@type\":\"SearchAction\",\"target\":{\"@type\":\"EntryPoint\",\"urlTemplate\":\"https:\\\/\\\/www.casapittier.com\\\/?s={search_term_string}\"},\"query-input\":{\"@type\":\"PropertyValueSpecification\",\"valueRequired\":true,\"valueName\":\"search_term_string\"}}],\"inLanguage\":\"en-US\"},{\"@type\":\"Organization\",\"@id\":\"https:\\\/\\\/www.casapittier.com\\\/#organization\",\"name\":\"Casa de Estancia Pittier\",\"url\":\"https:\\\/\\\/www.casapittier.com\\\/\",\"logo\":{\"@type\":\"ImageObject\",\"inLanguage\":\"en-US\",\"@id\":\"https:\\\/\\\/www.casapittier.com\\\/#\\\/schema\\\/logo\\\/image\\\/\",\"url\":\"https:\\\/\\\/www.casapittier.com\\\/wp-content\\\/uploads\\\/Untitled-design.png\",\"contentUrl\":\"https:\\\/\\\/www.casapittier.com\\\/wp-content\\\/uploads\\\/Untitled-design.png\",\"width\":1500,\"height\":1500,\"caption\":\"Casa de Estancia Pittier\"},\"image\":{\"@id\":\"https:\\\/\\\/www.casapittier.com\\\/#\\\/schema\\\/logo\\\/image\\\/\"},\"sameAs\":[\"https:\\\/\\\/www.facebook.com\\\/casaspittier\\\/\",\"https:\\\/\\\/www.instagram.com\\\/casaspittier\\\/\"]}]}<\/script>\n<!-- \/ Yoast SEO plugin. -->","yoast_head_json":{"title":"T\u00e9rminos y Condiciones de Uso &#8226; Casa Pittier","robots":{"index":"index","follow":"follow","max-snippet":"max-snippet:-1","max-image-preview":"max-image-preview:large","max-video-preview":"max-video-preview:-1"},"canonical":"https:\/\/www.casapittier.com\/en\/terminos-y-condiciones\/","og_locale":"en_US","og_type":"article","og_title":"T\u00e9rminos y Condiciones de Uso &#8226; Casa Pittier","og_url":"https:\/\/www.casapittier.com\/en\/terminos-y-condiciones\/","og_site_name":"Casa Pittier","article_publisher":"https:\/\/www.facebook.com\/casaspittier\/","article_modified_time":"2020-08-04T17:36:47+00:00","twitter_card":"summary_large_image","twitter_misc":{"Est. reading time":"8 minutes"},"schema":{"@context":"https:\/\/schema.org","@graph":[{"@type":"WebPage","@id":"https:\/\/www.casapittier.com\/terminos-y-condiciones\/","url":"https:\/\/www.casapittier.com\/terminos-y-condiciones\/","name":"T\u00e9rminos y Condiciones de Uso &#8226; Casa Pittier","isPartOf":{"@id":"https:\/\/www.casapittier.com\/#website"},"datePublished":"2020-08-04T17:36:17+00:00","dateModified":"2020-08-04T17:36:47+00:00","breadcrumb":{"@id":"https:\/\/www.casapittier.com\/terminos-y-condiciones\/#breadcrumb"},"inLanguage":"en-US","potentialAction":[{"@type":"ReadAction","target":["https:\/\/www.casapittier.com\/terminos-y-condiciones\/"]}]},{"@type":"BreadcrumbList","@id":"https:\/\/www.casapittier.com\/terminos-y-condiciones\/#breadcrumb","itemListElement":[{"@type":"ListItem","position":1,"name":"Portada","item":"https:\/\/www.casapittier.com\/"},{"@type":"ListItem","position":2,"name":"T\u00e9rminos y Condiciones de Uso"}]},{"@type":"WebSite","@id":"https:\/\/www.casapittier.com\/#website","url":"https:\/\/www.casapittier.com\/","name":"Casa de Estancia Pittier","description":"Casa de Estancia Pittier","publisher":{"@id":"https:\/\/www.casapittier.com\/#organization"},"potentialAction":[{"@type":"SearchAction","target":{"@type":"EntryPoint","urlTemplate":"https:\/\/www.casapittier.com\/?s={search_term_string}"},"query-input":{"@type":"PropertyValueSpecification","valueRequired":true,"valueName":"search_term_string"}}],"inLanguage":"en-US"},{"@type":"Organization","@id":"https:\/\/www.casapittier.com\/#organization","name":"Casa de Estancia Pittier","url":"https:\/\/www.casapittier.com\/","logo":{"@type":"ImageObject","inLanguage":"en-US","@id":"https:\/\/www.casapittier.com\/#\/schema\/logo\/image\/","url":"https:\/\/www.casapittier.com\/wp-content\/uploads\/Untitled-design.png","contentUrl":"https:\/\/www.casapittier.com\/wp-content\/uploads\/Untitled-design.png","width":1500,"height":1500,"caption":"Casa de Estancia Pittier"},"image":{"@id":"https:\/\/www.casapittier.com\/#\/schema\/logo\/image\/"},"sameAs":["https:\/\/www.facebook.com\/casaspittier\/","https:\/\/www.instagram.com\/casaspittier\/"]}]}},"_links":{"self":[{"href":"https:\/\/www.casapittier.com\/en\/wp-json\/wp\/v2\/pages\/330","targetHints":{"allow":["GET"]}}],"collection":[{"href":"https:\/\/www.casapittier.com\/en\/wp-json\/wp\/v2\/pages"}],"about":[{"href":"https:\/\/www.casapittier.com\/en\/wp-json\/wp\/v2\/types\/page"}],"author":[{"embeddable":true,"href":"https:\/\/www.casapittier.com\/en\/wp-json\/wp\/v2\/users\/1"}],"replies":[{"embeddable":true,"href":"https:\/\/www.casapittier.com\/en\/wp-json\/wp\/v2\/comments?post=330"}],"version-history":[{"count":3,"href":"https:\/\/www.casapittier.com\/en\/wp-json\/wp\/v2\/pages\/330\/revisions"}],"predecessor-version":[{"id":333,"href":"https:\/\/www.casapittier.com\/en\/wp-json\/wp\/v2\/pages\/330\/revisions\/333"}],"wp:attachment":[{"href":"https:\/\/www.casapittier.com\/en\/wp-json\/wp\/v2\/media?parent=330"}],"curies":[{"name":"wp","href":"https:\/\/api.w.org\/{rel}","templated":true}]}}